{"id":14,"date":"2025-09-05T11:54:22","date_gmt":"2025-09-05T08:54:22","guid":{"rendered":"https:\/\/hahahaproduction.com\/DEMOnstreaza\/?page_id=14"},"modified":"2025-10-29T15:10:01","modified_gmt":"2025-10-29T13:10:01","slug":"demonstreaza","status":"publish","type":"page","link":"https:\/\/hahahaproduction.com\/DEMOnstreaza\/","title":{"rendered":"DEMOnstreaza"},"content":{"rendered":"\t\t<div data-elementor-type=\"wp-page\" data-elementor-id=\"14\" class=\"elementor elementor-14\" data-elementor-post-type=\"page\">\n\t\t\t\t<div class=\"elementor-element elementor-element-5ee6d02 e-flex e-con-boxed e-con e-parent\" data-id=\"5ee6d02\" data-element_type=\"container\" data-e-type=\"container\">\n\t\t\t\t\t<div class=\"e-con-inner\">\n\t\t\t\t<div class=\"elementor-element elementor-element-d43c321 elementor-widget elementor-widget-image\" data-id=\"d43c321\" data-element_type=\"widget\" data-e-type=\"widget\" data-widget_type=\"image.default\">\n\t\t\t\t\t\t\t\t\t\t\t\t\t\t\t<img fetchpriority=\"high\" decoding=\"async\" width=\"1726\" height=\"414\" src=\"https:\/\/hahahaproduction.com\/DEMOnstreaza\/wp-content\/uploads\/2025\/09\/header.jpg\" class=\"attachment-full size-full wp-image-40\" alt=\"\" srcset=\"https:\/\/hahahaproduction.com\/DEMOnstreaza\/wp-content\/uploads\/2025\/09\/header.jpg 1726w, https:\/\/hahahaproduction.com\/DEMOnstreaza\/wp-content\/uploads\/2025\/09\/header-300x72.jpg 300w, https:\/\/hahahaproduction.com\/DEMOnstreaza\/wp-content\/uploads\/2025\/09\/header-1024x246.jpg 1024w, https:\/\/hahahaproduction.com\/DEMOnstreaza\/wp-content\/uploads\/2025\/09\/header-768x184.jpg 768w, https:\/\/hahahaproduction.com\/DEMOnstreaza\/wp-content\/uploads\/2025\/09\/header-1536x368.jpg 1536w\" sizes=\"(max-width: 1726px) 100vw, 1726px\" \/>\t\t\t\t\t\t\t\t\t\t\t\t\t\t\t<\/div>\n\t\t\t\t\t<\/div>\n\t\t\t\t<\/div>\n\t\t<div class=\"elementor-element elementor-element-9cb7065 e-flex e-con-boxed e-con e-parent\" data-id=\"9cb7065\" data-element_type=\"container\" data-e-type=\"container\">\n\t\t\t\t\t<div class=\"e-con-inner\">\n\t\t\t\t<div class=\"elementor-element elementor-element-8bcc797 elementor-widget elementor-widget-text-editor\" data-id=\"8bcc797\" data-element_type=\"widget\" data-e-type=\"widget\" data-widget_type=\"text-editor.default\">\n\t\t\t\t\t\t\t\t\t<p>Muzica e pasiunea ta \u0219i vrei s\u0103 lucrezi \u00eentr-o super-echip\u0103 creativ\u0103 de creatori de HIT-uri?<\/p><p><strong>Atunci DEMOnstreaz\u0103 c\u0103 ai tot ce c\u0103ut\u0103m!<\/strong><\/p>\t\t\t\t\t\t\t\t<\/div>\n\t\t\t\t<div class=\"elementor-element elementor-element-43fea8a elementor-widget elementor-widget-image\" data-id=\"43fea8a\" data-element_type=\"widget\" data-e-type=\"widget\" data-widget_type=\"image.default\">\n\t\t\t\t\t\t\t\t\t\t\t\t\t\t\t<img decoding=\"async\" width=\"391\" height=\"394\" src=\"https:\/\/hahahaproduction.com\/DEMOnstreaza\/wp-content\/uploads\/2025\/09\/badge.jpg\" class=\"attachment-large size-large wp-image-38\" alt=\"\" srcset=\"https:\/\/hahahaproduction.com\/DEMOnstreaza\/wp-content\/uploads\/2025\/09\/badge.jpg 391w, https:\/\/hahahaproduction.com\/DEMOnstreaza\/wp-content\/uploads\/2025\/09\/badge-298x300.jpg 298w, https:\/\/hahahaproduction.com\/DEMOnstreaza\/wp-content\/uploads\/2025\/09\/badge-150x150.jpg 150w\" sizes=\"(max-width: 391px) 100vw, 391px\" \/>\t\t\t\t\t\t\t\t\t\t\t\t\t\t\t<\/div>\n\t\t\t\t<div class=\"elementor-element elementor-element-e678a0d elementor-widget elementor-widget-text-editor\" data-id=\"e678a0d\" data-element_type=\"widget\" data-e-type=\"widget\" data-widget_type=\"text-editor.default\">\n\t\t\t\t\t\t\t\t\t<p data-start=\"392\" data-end=\"541\">Ai talent de songwriter sau visezi s\u0103 fii produc\u0103tor muzical?<br data-start=\"453\" data-end=\"456\" \/>Completeaz\u0103 formularul, pune un link cu ce-ai f\u0103cut p\u00e2n\u0103 acum \u0219i&#8230; ne vedem la Ha!<\/p><p data-start=\"543\" data-end=\"610\"><strong data-start=\"543\" data-end=\"608\">Studiourile HaHaHa Production te a\u0219teapt\u0103, tu ce mai a\u0219tep\u021bi?<\/strong><\/p>\t\t\t\t\t\t\t\t<\/div>\n\t\t\t\t<div class=\"elementor-element elementor-element-a0f71a1 elementor-button-align-center elementor-widget elementor-widget-form\" data-id=\"a0f71a1\" data-element_type=\"widget\" data-e-type=\"widget\" data-settings=\"{&quot;step_next_label&quot;:&quot;Next&quot;,&quot;step_previous_label&quot;:&quot;Previous&quot;,&quot;button_width&quot;:&quot;100&quot;,&quot;step_type&quot;:&quot;number_text&quot;,&quot;step_icon_shape&quot;:&quot;circle&quot;}\" data-widget_type=\"form.default\">\n\t\t\t\t\t\t\t<form class=\"elementor-form\" method=\"post\" name=\"New Form\" aria-label=\"New Form\">\n\t\t\t<input type=\"hidden\" name=\"post_id\" value=\"14\"\/>\n\t\t\t<input type=\"hidden\" name=\"form_id\" value=\"a0f71a1\"\/>\n\t\t\t<input type=\"hidden\" name=\"referer_title\" value=\"\" \/>\n\n\t\t\t\t\t\t\t<input type=\"hidden\" name=\"queried_id\" value=\"14\"\/>\n\t\t\t\n\t\t\t<div class=\"elementor-form-fields-wrapper elementor-labels-above\">\n\t\t\t\t\t\t\t\t<div class=\"elementor-field-type-text elementor-field-group elementor-column elementor-field-group-name elementor-col-100 elementor-field-required\">\n\t\t\t\t\t\t\t\t\t\t\t\t<label for=\"form-field-name\" class=\"elementor-field-label\">\n\t\t\t\t\t\t\t\tNume\t\t\t\t\t\t\t<\/label>\n\t\t\t\t\t\t\t\t\t\t\t\t\t\t<input size=\"1\" type=\"text\" name=\"form_fields[name]\" id=\"form-field-name\" class=\"elementor-field elementor-size-sm  elementor-field-textual\" required=\"required\">\n\t\t\t\t\t\t\t\t\t\t\t<\/div>\n\t\t\t\t\t\t\t\t<div class=\"elementor-field-type-text elementor-field-group elementor-column elementor-field-group-field_236e382 elementor-col-100 elementor-field-required\">\n\t\t\t\t\t\t\t\t\t\t\t\t<label for=\"form-field-field_236e382\" class=\"elementor-field-label\">\n\t\t\t\t\t\t\t\tPrenume\t\t\t\t\t\t\t<\/label>\n\t\t\t\t\t\t\t\t\t\t\t\t\t\t<input size=\"1\" type=\"text\" name=\"form_fields[field_236e382]\" id=\"form-field-field_236e382\" class=\"elementor-field elementor-size-sm  elementor-field-textual\" required=\"required\">\n\t\t\t\t\t\t\t\t\t\t\t<\/div>\n\t\t\t\t\t\t\t\t<div class=\"elementor-field-type-email elementor-field-group elementor-column elementor-field-group-email elementor-col-100 elementor-field-required\">\n\t\t\t\t\t\t\t\t\t\t\t\t<label for=\"form-field-email\" class=\"elementor-field-label\">\n\t\t\t\t\t\t\t\tEmail\t\t\t\t\t\t\t<\/label>\n\t\t\t\t\t\t\t\t\t\t\t\t\t\t<input size=\"1\" type=\"email\" name=\"form_fields[email]\" id=\"form-field-email\" class=\"elementor-field elementor-size-sm  elementor-field-textual\" required=\"required\">\n\t\t\t\t\t\t\t\t\t\t\t<\/div>\n\t\t\t\t\t\t\t\t<div class=\"elementor-field-type-text elementor-field-group elementor-column elementor-field-group-message elementor-col-100 elementor-field-required\">\n\t\t\t\t\t\t\t\t\t\t\t\t<label for=\"form-field-message\" class=\"elementor-field-label\">\n\t\t\t\t\t\t\t\tTelefon\t\t\t\t\t\t\t<\/label>\n\t\t\t\t\t\t\t\t\t\t\t\t\t\t<input size=\"1\" type=\"text\" name=\"form_fields[message]\" id=\"form-field-message\" class=\"elementor-field elementor-size-sm  elementor-field-textual\" required=\"required\">\n\t\t\t\t\t\t\t\t\t\t\t<\/div>\n\t\t\t\t\t\t\t\t<div class=\"elementor-field-type-textarea elementor-field-group elementor-column elementor-field-group-field_eaea189 elementor-col-100 elementor-field-required\">\n\t\t\t\t\t\t\t\t\t\t\t\t<label for=\"form-field-field_eaea189\" class=\"elementor-field-label\">\n\t\t\t\t\t\t\t\tAdres\u0103\t\t\t\t\t\t\t<\/label>\n\t\t\t\t\t\t<textarea class=\"elementor-field-textual elementor-field  elementor-size-sm\" name=\"form_fields[field_eaea189]\" id=\"form-field-field_eaea189\" rows=\"4\" required=\"required\"><\/textarea>\t\t\t\t<\/div>\n\t\t\t\t\t\t\t\t<div class=\"elementor-field-type-text elementor-field-group elementor-column elementor-field-group-field_7080356 elementor-col-100 elementor-field-required\">\n\t\t\t\t\t\t\t\t\t\t\t\t<label for=\"form-field-field_7080356\" class=\"elementor-field-label\">\n\t\t\t\t\t\t\t\tDEMOnstreaz\u0103 cu un link (introdu link-ul aici)\t\t\t\t\t\t\t<\/label>\n\t\t\t\t\t\t\t\t\t\t\t\t\t\t<input size=\"1\" type=\"text\" name=\"form_fields[field_7080356]\" id=\"form-field-field_7080356\" class=\"elementor-field elementor-size-sm  elementor-field-textual\" required=\"required\">\n\t\t\t\t\t\t\t\t\t\t\t<\/div>\n\t\t\t\t\t\t\t\t<div class=\"elementor-field-type-acceptance elementor-field-group elementor-column elementor-field-group-field_df091c2 elementor-col-100 elementor-field-required\">\n\t\t\t\t\t\t\t<div class=\"elementor-field-subgroup\">\n\t\t\t<span class=\"elementor-field-option\">\n\t\t\t\t<input type=\"checkbox\" name=\"form_fields[field_df091c2]\" id=\"form-field-field_df091c2\" class=\"elementor-field elementor-size-sm  elementor-acceptance-field\" required=\"required\">\n\t\t\t\t<label for=\"form-field-field_df091c2\">Am citit \u0219i sunt de acord cu <a href=\"https:\/\/hahahaproduction.com\/wp-content\/uploads\/2025\/10\/Termeni-si-Conditii.pdf\" target=\"_blank\">Termenii \u0219i condi\u021biile<\/a><\/label>\t\t\t<\/span>\n\t\t<\/div>\n\t\t\t\t\t\t<\/div>\n\t\t\t\t\t\t\t\t<div class=\"elementor-field-group elementor-column elementor-field-type-submit elementor-col-100 e-form__buttons\">\n\t\t\t\t\t<button class=\"elementor-button elementor-size-sm\" type=\"submit\">\n\t\t\t\t\t\t<span class=\"elementor-button-content-wrapper\">\n\t\t\t\t\t\t\t\t\t\t\t\t\t\t\t\t\t\t\t\t\t\t<span class=\"elementor-button-text\">Trimite<\/span>\n\t\t\t\t\t\t\t\t\t\t\t\t\t<\/span>\n\t\t\t\t\t<\/button>\n\t\t\t\t<\/div>\n\t\t\t<\/div>\n\t\t<\/form>\n\t\t\t\t\t\t<\/div>\n\t\t\t\t\t<\/div>\n\t\t\t\t<\/div>\n\t\t<div class=\"elementor-element elementor-element-08ba6d7 e-flex e-con-boxed e-con e-parent\" data-id=\"08ba6d7\" data-element_type=\"container\" data-e-type=\"container\">\n\t\t\t\t\t<div class=\"e-con-inner\">\n\t\t\t\t<div class=\"elementor-element elementor-element-399a6d5 elementor-widget elementor-widget-image\" data-id=\"399a6d5\" data-element_type=\"widget\" data-e-type=\"widget\" data-widget_type=\"image.default\">\n\t\t\t\t\t\t\t\t\t\t\t\t\t\t\t<img decoding=\"async\" width=\"822\" height=\"196\" src=\"https:\/\/hahahaproduction.com\/DEMOnstreaza\/wp-content\/uploads\/2025\/09\/footer.jpg\" class=\"attachment-full size-full wp-image-39\" alt=\"\" srcset=\"https:\/\/hahahaproduction.com\/DEMOnstreaza\/wp-content\/uploads\/2025\/09\/footer.jpg 822w, https:\/\/hahahaproduction.com\/DEMOnstreaza\/wp-content\/uploads\/2025\/09\/footer-300x72.jpg 300w, https:\/\/hahahaproduction.com\/DEMOnstreaza\/wp-content\/uploads\/2025\/09\/footer-768x183.jpg 768w\" sizes=\"(max-width: 822px) 100vw, 822px\" \/>\t\t\t\t\t\t\t\t\t\t\t\t\t\t\t<\/div>\n\t\t\t\t\t<\/div>\n\t\t\t\t<\/div>\n\t\t\t\t<\/div>\n\t\t","protected":false},"excerpt":{"rendered":"<p>Muzica e pasiunea ta \u0219i vrei s\u0103 lucrezi \u00eentr-o super-echip\u0103 creativ\u0103 de creatori de HIT-uri? Atunci DEMOnstreaz\u0103 c\u0103 ai tot ce c\u0103ut\u0103m! Ai talent de songwriter sau visezi s\u0103 fii produc\u0103tor muzical?Completeaz\u0103 formularul, pune un link cu ce-ai f\u0103cut p\u00e2n\u0103 acum \u0219i&#8230; ne vedem la Ha! Studiourile HaHaHa Production te a\u0219teapt\u0103, tu ce mai a\u0219tep\u021bi?<\/p>\n","protected":false},"author":1,"featured_media":0,"parent":0,"menu_order":0,"comment_status":"closed","ping_status":"closed","template":"elementor_canvas","meta":{"footnotes":""},"class_list":["post-14","page","type-page","status-publish","hentry"],"_links":{"self":[{"href":"https:\/\/hahahaproduction.com\/DEMOnstreaza\/wp-json\/wp\/v2\/pages\/14","targetHints":{"allow":["GET"]}}],"collection":[{"href":"https:\/\/hahahaproduction.com\/DEMOnstreaza\/wp-json\/wp\/v2\/pages"}],"about":[{"href":"https:\/\/hahahaproduction.com\/DEMOnstreaza\/wp-json\/wp\/v2\/types\/page"}],"author":[{"embeddable":true,"href":"https:\/\/hahahaproduction.com\/DEMOnstreaza\/wp-json\/wp\/v2\/users\/1"}],"replies":[{"embeddable":true,"href":"https:\/\/hahahaproduction.com\/DEMOnstreaza\/wp-json\/wp\/v2\/comments?post=14"}],"version-history":[{"count":49,"href":"https:\/\/hahahaproduction.com\/DEMOnstreaza\/wp-json\/wp\/v2\/pages\/14\/revisions"}],"predecessor-version":[{"id":91,"href":"https:\/\/hahahaproduction.com\/DEMOnstreaza\/wp-json\/wp\/v2\/pages\/14\/revisions\/91"}],"wp:attachment":[{"href":"https:\/\/hahahaproduction.com\/DEMOnstreaza\/wp-json\/wp\/v2\/media?parent=14"}],"curies":[{"name":"wp","href":"https:\/\/api.w.org\/{rel}","templated":true}]}}